{"id":78,"date":"2018-10-24T00:58:43","date_gmt":"2018-10-24T00:58:43","guid":{"rendered":"http:\/\/goldenlionjalisco.com\/wordpress\/?page_id=78"},"modified":"2024-01-08T18:18:39","modified_gmt":"2024-01-08T18:18:39","slug":"inicio","status":"publish","type":"page","link":"https:\/\/goldenlionjalisco.com\/wordpress\/","title":{"rendered":"Inicio"},"content":{"rendered":"\t\t<div data-elementor-type=\"wp-page\" data-elementor-id=\"78\" class=\"elementor elementor-78\" data-elementor-post-type=\"page\">\n\t\t\t\t\t\t\t\t\t<section class=\"elementor-section elementor-top-section elementor-element elementor-element-0ddd54f elementor-section-boxed elementor-section-height-default elementor-section-height-default\" data-id=\"0ddd54f\" data-element_type=\"section\">\n\t\t\t\t\t\t<div class=\"elementor-container elementor-column-gap-default\">\n\t\t\t\t\t<div class=\"elementor-column elementor-col-100 elementor-top-column elementor-element elementor-element-c049d93\" data-id=\"c049d93\" data-element_type=\"column\">\n\t\t\t<div class=\"elementor-widget-wrap elementor-element-populated\">\n\t\t\t\t\t\t\t\t<div class=\"elementor-element elementor-element-22ac7d1 elementor-widget elementor-widget-image-carousel\" data-id=\"22ac7d1\" data-element_type=\"widget\" data-settings=\"{&quot;slides_to_show&quot;:&quot;1&quot;,&quot;navigation&quot;:&quot;none&quot;,&quot;_animation&quot;:&quot;none&quot;,&quot;autoplay&quot;:&quot;yes&quot;,&quot;pause_on_hover&quot;:&quot;yes&quot;,&quot;pause_on_interaction&quot;:&quot;yes&quot;,&quot;autoplay_speed&quot;:5000,&quot;infinite&quot;:&quot;yes&quot;,&quot;effect&quot;:&quot;slide&quot;,&quot;speed&quot;:500}\" data-widget_type=\"image-carousel.default\">\n\t\t\t\t<div class=\"elementor-widget-container\">\n\t\t\t\t\t<div class=\"elementor-image-carousel-wrapper swiper-container\" dir=\"ltr\">\n\t\t\t<div class=\"elementor-image-carousel swiper-wrapper\" aria-live=\"off\">\n\t\t\t\t\t\t\t\t<div class=\"swiper-slide\" role=\"group\" aria-roledescription=\"slide\" aria-label=\"1 de 4\"><figure class=\"swiper-slide-inner\"><img decoding=\"async\" class=\"swiper-slide-image\" src=\"https:\/\/goldenlionjalisco.com\/wordpress\/wp-content\/uploads\/2019\/03\/1.jpg\" alt=\"1\" \/><\/figure><\/div><div class=\"swiper-slide\" role=\"group\" aria-roledescription=\"slide\" aria-label=\"2 de 4\"><figure class=\"swiper-slide-inner\"><img decoding=\"async\" class=\"swiper-slide-image\" src=\"https:\/\/goldenlionjalisco.com\/wordpress\/wp-content\/uploads\/2019\/03\/3.jpg\" alt=\"3\" \/><\/figure><\/div><div class=\"swiper-slide\" role=\"group\" aria-roledescription=\"slide\" aria-label=\"3 de 4\"><figure class=\"swiper-slide-inner\"><img decoding=\"async\" class=\"swiper-slide-image\" src=\"https:\/\/goldenlionjalisco.com\/wordpress\/wp-content\/uploads\/2019\/03\/4.jpg\" alt=\"4\" \/><\/figure><\/div><div class=\"swiper-slide\" role=\"group\" aria-roledescription=\"slide\" aria-label=\"4 de 4\"><figure class=\"swiper-slide-inner\"><img decoding=\"async\" class=\"swiper-slide-image\" src=\"https:\/\/goldenlionjalisco.com\/wordpress\/wp-content\/uploads\/2019\/03\/5.jpg\" alt=\"5\" \/><\/figure><\/div>\t\t\t<\/div>\n\t\t\t\t\t\t\t\n\t\t\t\t\t\t\t\t\t<\/div>\n\t\t\t\t<\/div>\n\t\t\t\t<\/div>\n\t\t\t\t\t<\/div>\n\t\t<\/div>\n\t\t\t\t\t\t\t<\/div>\n\t\t<\/section>\n\t\t\t\t<section class=\"elementor-section elementor-top-section elementor-element elementor-element-cfe5401 elementor-section-boxed elementor-section-height-default elementor-section-height-default\" data-id=\"cfe5401\" data-element_type=\"section\">\n\t\t\t\t\t\t<div class=\"elementor-container elementor-column-gap-default\">\n\t\t\t\t\t<div class=\"elementor-column elementor-col-100 elementor-top-column elementor-element elementor-element-4e9ba02\" data-id=\"4e9ba02\" data-element_type=\"column\">\n\t\t\t<div class=\"elementor-widget-wrap elementor-element-populated\">\n\t\t\t\t\t\t\t\t<div class=\"elementor-element elementor-element-c7746aa elementor-widget elementor-widget-text-editor\" data-id=\"c7746aa\" data-element_type=\"widget\" data-widget_type=\"text-editor.default\">\n\t\t\t\t<div class=\"elementor-widget-container\">\n\t\t\t\t\t\t\t<h3 style=\"text-align: center;\"><span style=\"color: #666699;\">Te damos la bienvenida al mejor centro de entretenimiento de la ciudad&#8230;<\/span><\/h3><h1 style=\"text-align: center;\"><span style=\"color: #ff9900;\">GOLDEN LION, CD. GUZM\u00c1N<\/span><\/h1><h6 style=\"text-align: center;\">Conocer\u00e1s al m\u00e1ximo la emoci\u00f3n con nuestras m\u00e1quinas de primera generaci\u00f3n, probaras nuestros deliciosos platillos de The Rose Restaurant, obtendr\u00e1s las m\u00e1s incre\u00edbles promociones y podr\u00e1s disfrutar de los mejores eventos deportivos.<span style=\"color: #666699;\">\u00a0<\/span><\/h6>\t\t\t\t\t\t<\/div>\n\t\t\t\t<\/div>\n\t\t\t\t\t<\/div>\n\t\t<\/div>\n\t\t\t\t\t\t\t<\/div>\n\t\t<\/section>\n\t\t\t\t\t\t\t<\/div>\n\t\t","protected":false},"excerpt":{"rendered":"<p>Te damos la bienvenida al mejor centro de entretenimiento de la ciudad&#8230; GOLDEN LION, CD. GUZM\u00c1N Conocer\u00e1s al m\u00e1ximo la emoci\u00f3n con nuestras m\u00e1quinas de primera generaci\u00f3n, probaras nuestros deliciosos platillos de The Rose Restaurant, obtendr\u00e1s las m\u00e1s incre\u00edbles promociones y podr\u00e1s disfrutar de los mejores eventos deportivos.\u00a0<\/p>\n","protected":false},"author":1,"featured_media":0,"parent":1052,"menu_order":0,"comment_status":"closed","ping_status":"closed","template":"elementor_theme","meta":{"footnotes":""},"_links":{"self":[{"href":"https:\/\/goldenlionjalisco.com\/wordpress\/wp-json\/wp\/v2\/pages\/78"}],"collection":[{"href":"https:\/\/goldenlionjalisco.com\/wordpress\/wp-json\/wp\/v2\/pages"}],"about":[{"href":"https:\/\/goldenlionjalisco.com\/wordpress\/wp-json\/wp\/v2\/types\/page"}],"author":[{"embeddable":true,"href":"https:\/\/goldenlionjalisco.com\/wordpress\/wp-json\/wp\/v2\/users\/1"}],"replies":[{"embeddable":true,"href":"https:\/\/goldenlionjalisco.com\/wordpress\/wp-json\/wp\/v2\/comments?post=78"}],"version-history":[{"count":40,"href":"https:\/\/goldenlionjalisco.com\/wordpress\/wp-json\/wp\/v2\/pages\/78\/revisions"}],"predecessor-version":[{"id":1142,"href":"https:\/\/goldenlionjalisco.com\/wordpress\/wp-json\/wp\/v2\/pages\/78\/revisions\/1142"}],"up":[{"embeddable":true,"href":"https:\/\/goldenlionjalisco.com\/wordpress\/wp-json\/wp\/v2\/pages\/1052"}],"wp:attachment":[{"href":"https:\/\/goldenlionjalisco.com\/wordpress\/wp-json\/wp\/v2\/media?parent=78"}],"curies":[{"name":"wp","href":"https:\/\/api.w.org\/{rel}","templated":true}]}}