{"id":2,"date":"2018-05-08T23:36:30","date_gmt":"2018-05-08T23:36:30","guid":{"rendered":"http:\/\/goldenlionjalisco.com\/wordpress\/?page_id=2"},"modified":"2021-06-29T21:10:15","modified_gmt":"2021-06-29T21:10:15","slug":"areas","status":"publish","type":"page","link":"https:\/\/goldenlionjalisco.com\/wordpress\/areas\/","title":{"rendered":"\u00c1reas de Entretenimiento"},"content":{"rendered":"\t\t<div data-elementor-type=\"wp-page\" data-elementor-id=\"2\" class=\"elementor elementor-2\" data-elementor-post-type=\"page\">\n\t\t\t\t\t\t\t\t\t<section class=\"elementor-section elementor-top-section elementor-element elementor-element-666a7b6c elementor-section-boxed elementor-section-height-default elementor-section-height-default\" data-id=\"666a7b6c\" data-element_type=\"section\">\n\t\t\t\t\t\t<div class=\"elementor-container elementor-column-gap-default\">\n\t\t\t\t\t<div class=\"elementor-column elementor-col-100 elementor-top-column elementor-element elementor-element-5597f6f3\" data-id=\"5597f6f3\" data-element_type=\"column\">\n\t\t\t<div class=\"elementor-widget-wrap elementor-element-populated\">\n\t\t\t\t\t\t\t\t<div class=\"elementor-element elementor-element-2642ce64 elementor-widget elementor-widget-text-editor\" data-id=\"2642ce64\" data-element_type=\"widget\" data-widget_type=\"text-editor.default\">\n\t\t\t\t<div class=\"elementor-widget-container\">\n\t\t\t\t\t\t\t<hr \/><h1>Rieles y Multi Juegos<\/h1><h6><span style=\"color: #666699;\">M\u00e1s de 180 m\u00e1quinas de nivel mundial en las que podr\u00e1n divertirse, divididas en nuestras dos \u00e1reas de fumadores y NO fumar.<\/span><\/h6><p><img fetchpriority=\"high\" decoding=\"async\" class=\"alignnone size-full wp-image-446\" src=\"http:\/\/goldenlionjalisco.com\/wordpress\/wp-content\/uploads\/2019\/02\/DSCN0960.jpg\" alt=\"\" width=\"4608\" height=\"3456\" srcset=\"https:\/\/goldenlionjalisco.com\/wordpress\/wp-content\/uploads\/2019\/02\/DSCN0960.jpg 4608w, https:\/\/goldenlionjalisco.com\/wordpress\/wp-content\/uploads\/2019\/02\/DSCN0960-300x225.jpg 300w, https:\/\/goldenlionjalisco.com\/wordpress\/wp-content\/uploads\/2019\/02\/DSCN0960-768x576.jpg 768w, https:\/\/goldenlionjalisco.com\/wordpress\/wp-content\/uploads\/2019\/02\/DSCN0960-1024x768.jpg 1024w\" sizes=\"(max-width: 4608px) 100vw, 4608px\" \/><\/p><div><hr \/><h1>Zona Bingo<\/h1><h6><span style=\"color: #666699;\">Contamos con las mejores m\u00e1quinas de bingo electr\u00f3nico<\/span>.<\/h6><h6><span class=\"importante_2\" style=\"color: #666699;\"><img decoding=\"async\" class=\"alignnone size-full wp-image-447\" src=\"http:\/\/goldenlionjalisco.com\/wordpress\/wp-content\/uploads\/2019\/02\/DSCN0976.jpg\" alt=\"\" width=\"4608\" height=\"3456\" srcset=\"https:\/\/goldenlionjalisco.com\/wordpress\/wp-content\/uploads\/2019\/02\/DSCN0976.jpg 4608w, https:\/\/goldenlionjalisco.com\/wordpress\/wp-content\/uploads\/2019\/02\/DSCN0976-300x225.jpg 300w, https:\/\/goldenlionjalisco.com\/wordpress\/wp-content\/uploads\/2019\/02\/DSCN0976-768x576.jpg 768w, https:\/\/goldenlionjalisco.com\/wordpress\/wp-content\/uploads\/2019\/02\/DSCN0976-1024x768.jpg 1024w\" sizes=\"(max-width: 4608px) 100vw, 4608px\" \/><\/span><\/h6><\/div><hr \/><h1>Sport Book<\/h1><h6><span style=\"color: #666699;\">\u00a1Disfruta y Gana con la emoci\u00f3n de los partidos y juegos en el mejor lugar.<\/span><\/h6><h6><span style=\"color: #666699;\"><img decoding=\"async\" class=\"alignnone size-full wp-image-448\" src=\"http:\/\/goldenlionjalisco.com\/wordpress\/wp-content\/uploads\/2019\/02\/a.jpg\" alt=\"\" width=\"780\" height=\"1040\" srcset=\"https:\/\/goldenlionjalisco.com\/wordpress\/wp-content\/uploads\/2019\/02\/a.jpg 780w, https:\/\/goldenlionjalisco.com\/wordpress\/wp-content\/uploads\/2019\/02\/a-225x300.jpg 225w, https:\/\/goldenlionjalisco.com\/wordpress\/wp-content\/uploads\/2019\/02\/a-768x1024.jpg 768w, https:\/\/goldenlionjalisco.com\/wordpress\/wp-content\/uploads\/2019\/02\/a-576x768.jpg 576w\" sizes=\"(max-width: 780px) 100vw, 780px\" \/><\/span><\/h6><hr \/><p>\u00a0<\/p>\t\t\t\t\t\t<\/div>\n\t\t\t\t<\/div>\n\t\t\t\t\t<\/div>\n\t\t<\/div>\n\t\t\t\t\t\t\t<\/div>\n\t\t<\/section>\n\t\t\t\t\t\t\t<\/div>\n\t\t","protected":false},"excerpt":{"rendered":"<p>Rieles y Multi Juegos M\u00e1s de 180 m\u00e1quinas de nivel mundial en las que podr\u00e1n divertirse, divididas en nuestras dos \u00e1reas de fumadores y NO fumar. Zona Bingo Contamos con las mejores m\u00e1quinas de bingo electr\u00f3nico. Sport Book \u00a1Disfruta y Gana con la emoci\u00f3n de los partidos y juegos en el mejor lugar. \u00a0<\/p>\n","protected":false},"author":1,"featured_media":0,"parent":0,"menu_order":0,"comment_status":"closed","ping_status":"open","template":"","meta":{"footnotes":""},"_links":{"self":[{"href":"https:\/\/goldenlionjalisco.com\/wordpress\/wp-json\/wp\/v2\/pages\/2"}],"collection":[{"href":"https:\/\/goldenlionjalisco.com\/wordpress\/wp-json\/wp\/v2\/pages"}],"about":[{"href":"https:\/\/goldenlionjalisco.com\/wordpress\/wp-json\/wp\/v2\/types\/page"}],"author":[{"embeddable":true,"href":"https:\/\/goldenlionjalisco.com\/wordpress\/wp-json\/wp\/v2\/users\/1"}],"replies":[{"embeddable":true,"href":"https:\/\/goldenlionjalisco.com\/wordpress\/wp-json\/wp\/v2\/comments?post=2"}],"version-history":[{"count":28,"href":"https:\/\/goldenlionjalisco.com\/wordpress\/wp-json\/wp\/v2\/pages\/2\/revisions"}],"predecessor-version":[{"id":712,"href":"https:\/\/goldenlionjalisco.com\/wordpress\/wp-json\/wp\/v2\/pages\/2\/revisions\/712"}],"wp:attachment":[{"href":"https:\/\/goldenlionjalisco.com\/wordpress\/wp-json\/wp\/v2\/media?parent=2"}],"curies":[{"name":"wp","href":"https:\/\/api.w.org\/{rel}","templated":true}]}}