{"id":1177,"date":"2024-03-06T20:31:52","date_gmt":"2024-03-06T20:31:52","guid":{"rendered":"https:\/\/goldenlionjalisco.com\/wordpress\/?page_id=1177"},"modified":"2024-03-06T20:33:01","modified_gmt":"2024-03-06T20:33:01","slug":"aviso-de-privacidad","status":"publish","type":"page","link":"https:\/\/goldenlionjalisco.com\/wordpress\/aviso-de-privacidad\/","title":{"rendered":"Aviso de Privacidad"},"content":{"rendered":"\t\t<div data-elementor-type=\"wp-page\" data-elementor-id=\"1177\" class=\"elementor elementor-1177\" data-elementor-post-type=\"page\">\n\t\t\t\t\t\t\t<div class=\"elementor-element elementor-element-9951103 e-flex e-con-boxed e-con e-parent\" data-id=\"9951103\" data-element_type=\"container\" data-settings=\"{&quot;container_type&quot;:&quot;flex&quot;,&quot;content_width&quot;:&quot;boxed&quot;}\" data-core-v316-plus=\"true\">\n\t\t\t\t\t<div class=\"e-con-inner\">\n\t\t\t\t<div class=\"elementor-element elementor-element-acbe2df elementor-widget elementor-widget-text-editor\" data-id=\"acbe2df\" data-element_type=\"widget\" data-widget_type=\"text-editor.default\">\n\t\t\t\t<div class=\"elementor-widget-container\">\n\t\t\t\t\t\t\t<section><div><p><strong>RESPONSABLE DE LOS DATOS PERSONALES.<\/strong><\/p><p>Palace Gaming Group S.A. DE C.V. (en adelante \u00ab\u00bbGOLDEN LION CASINO\u00bb\u00bb) con domicilio en calle Roberto Medell\u00edn No. 27, entre Jacarandas y 1\u00ba de Mayo, Colonia Centro, Ciudad Guzm\u00e1n, Jalisco. C.P. 49000., tiene la convicci\u00f3n de proteger la informaci\u00f3n personal proporcionada por sus usuarios (en adelante \u00abDatos Personales\u00bb) y es responsable de su tratamiento (t\u00e9rmino que se define m\u00e1s adelante) cuando sean recabados a trav\u00e9s de medios impresos en el establecimiento denominado \u00abGolden Lion Casino\u00bb, del siti\u00f3 de internet www.goldenlionjalisco.com (en adelante \u00abSitio Web\u00bb), otros medios impresos y\/o telef\u00f3nicos y\/o electr\u00f3nicos (en adelante \u00abOtros Medios\u00bb).<\/p><p><strong>TRATAMIENTO DE DATOS PERSONALES.<\/strong><\/p><p>\u00abGOLDEN LION CASINO\u00bb podr\u00e1 solicitar y\/o recolectar en el establecimiento denominado \u00abGolden Lion Casino\u00bb, a trav\u00e9s del \u00abSitio Web\u00bb y\/o por \u00abOtros Medios\u00bb, \u00abDatos Personales\u00bb de los usuarios para su uso comercial, divulgaci\u00f3n y\/o almacenamiento por cualquier medio (\u00abTratamiento\u00bb) para los fines abajo se\u00f1alados. \u00abGOLDEN LION CASINO\u00bb y\/o cualquier tercero que llegue a intervenir en cualquier fase del \u00abTratamiento\u00bb de \u00abDatos Personales\u00bb guardara confidencialidad respecto de los mismos cuando tengan dicho car\u00e1cter, conforme a las disposiciones legales aplicables en los Estados Unidos Mexicanos.<\/p><p><strong>CONSENTIMIENTO.<\/strong><\/p><p>El ingreso y\/o registro en el establecimiento denominado \u00abGolden Lion Casino\u00bb, a trav\u00e9s del \u00abSitio Web\u00bb y\/o por \u00abotros Medios\u00bb implica el consentimiento pleno y sin reservas de los usuarios para el tratamiento en cualquier momento de sus \u00abDatos Personales de acuerdo con el presente Aviso de Privacidad.<\/p><p><strong>DATOS PERSONALES A RECABAR Y FINALIDAD.<\/strong><\/p><p>Los \u00abDatos Personales\u00bb que los usuarios proporcionen al momento de su registro en el establecimiento denominado \u00abGolden Lion Casino\u00bb, tienen como finalidad identificar a cada cliente para su registro y captaci\u00f3n de apuestas, pago de premios, recarga de saldos, indicadores de frecuencia, presencia (tiempo que tarda un cliente de una visita a otra), desembolso, medir el tiempo que se pasa cada cliente en el establecimiento, otorgar categor\u00edas, llevar a cabo promociones, realizar aclaraciones bancarias y notificaciones relacionadas con la actividad del usuario en el establecimiento, y podr\u00e1n incluir de una manera enunciativa m\u00e1s no limitativa, los siguientes:<\/p><p><strong>\u2022 Direcci\u00f3n de Correo Electr\u00f3nico<br \/>\u2022 Nombre completo<br \/>\u2022 G\u00e9nero<br \/>\u2022 Edad \/ Fecha de nacimiento<br \/>\u2022 Domicilio Completo<br \/>\u2022 Tel\u00e9fono<br \/>\u2022 Registro Federal de Contribuyente (RFC)<br \/>\u2022 Clave de Elector y\/o N\u00famero de Credencial<br \/>\u2022 Folio de identificaciones oficiales diversas a la credencial de elector<br \/>\u2022 Fotocopia de tarjeta bancaria (para el caso de las aclaraciones.<\/strong><\/p><p>En caso de contar con los datos se\u00f1alados \u00abLos Usuarios\u00bb no estar\u00edan en posibilidad de quedar registrados en el establecimiento, por lo que no tendr\u00edan la posibilidad de poder participar en las terminales electr\u00f3nicas del establecimiento, no podr\u00e1n realizar el cobro de premios ganados en las cajas del establecimiento, ni estar dentro de los programas de promociones y beneficios ofrecidos.<\/p><p>Los \u00abDatos Personales\u00bb que los \u00abUsuarios\u00bb proporcionen al momento de su ingreso y\/o registro al \u00abSitio Web\u00bb y\/o por \u00abOtros Medios\u00bb, tienen como finalidad llevar a cabo promociones y notificaciones de cada \u00abUsuario\u00bb relacionadas con el establecimiento y podr\u00e1n incluir de manera enunciativa m\u00e1s no limitativa, los siguientes:<\/p><p><strong>\u2022 Direcci\u00f3n de Correo Electr\u00f3nico<br \/>\u2022 Nombre Completo<br \/>\u2022 Tel\u00e9fono<\/strong><\/p><p>En caso de no contar con los datos se\u00f1alados los \u00abUsuarios\u00bb no estar\u00edan en posibilidad de estar dentro de los programas de promociones y beneficios ofrecidos.<br \/>MEDIOS PARA LIMITAR EL USO O DIVULGACI\u00d3N DE DATOS PERSONALES.<\/p><p>\u00abGOLDEN LION CASINO\u00bb cuenta con medidas f\u00edsicas, t\u00e9cnicas y administrativas de seguridad para la protecci\u00f3n de los \u00abDatos Personales\u00bb proporcionados por los \u00abUsuarios\u00bb.<\/p><p>Si usted desea dejar de recibir mensajes promocionales v\u00eda correo electr\u00f3nico y\/o de forma impresa y\/o v\u00eda telef\u00f3nica por parte de \u00abGOLDEN LION CASINO\u00bb puede solicitarlo a trav\u00e9s de la direcci\u00f3n de correo electr\u00f3nico hluna@goldenlionjalisco.com<\/p><p><strong>EXCLUSI\u00d3N DE RESPONSABILIDAD DEL SITIO.<\/strong><\/p><p>El \u00abSitio Web\u00bb podr\u00eda contener hiperv\u00ednculos o hipertextos \u00ablinks\u00bb, banners, botones y\/o herramientas de b\u00fasquedas en la \u00abWorld Wide Web\u00bb que al ser utilizados por los usuarios transportan a otros portales o sitios de internet que podr\u00edan ser propiedad de terceros. Los Datos Personales que los \u00abUsuarios\u00bb llegaren a proporcionar a trav\u00e9s de estos portales o sitios de internet no se encuentran contemplados por este Aviso de Privacidad y su \u00abTratamiento\u00bb no es responsabilidad de \u00abGOLDEN LION CASINO\u00bb. Recomendamos a los \u00abUsuarios\u00bb verificar los Avisos de Privacidad desplegados y aplicables a estos portales y sitios de internet.<\/p><p>Los \u00abUsuarios podr\u00e1n encontrar dentro del \u00abSitio Web\u00bb, p\u00e1ginas promociones, micrositios, tiendas virtuales, encuestas, bolsas de trabajo y otros servicios que pueden estar compartidos con terceros y que podr\u00edan solicitar sus \u00abDatos Personales\u00bb (\u00abSitios de Terceros\u00bb). Cualquier informaci\u00f3n relacionada con los \u00abDatos Personales\u00bb que se proporcionen a trav\u00e9s de de los \u00abSitios de Terceros\u00bb se sujetaran a los respectivos avisos de privacidad que se contengan en cada uno de ellos, salvo que \u00abGOLDEN LION CASINO\u00bb se\u00f1ale lo contrario.<\/p><p>\u00abGolden Lion Casino\u00bb advierte a sus \u00abUsuarios\u00bb que algunos servicios del \u00abSitio Web\u00bb podr\u00edan incluir, de manera enunciativa m\u00e1s no limitativa, foros de discusi\u00f3n, p\u00e1ginas de Internet personales, avisos clasificados, correos electr\u00f3nicos, salas de chat, entre otros. Por lo tanto, los \u00abDatos Personales\u00bb que se revelen a trav\u00e9s de dichos medios podr\u00edan en algunos casos ser accesibles por terceras personas. \u00abGOLDEN LION CASINO\u00bb no ser\u00e1 responsable de los \u00abDatos Personales\u00bb usados, publicados, revelados y\/o divulgados a trav\u00e9s de los medios antes enunciados. Recomendamos a los \u00abUsuarios\u00bb ser cuidadosos y responsables sobre toda informaci\u00f3n de car\u00e1cter personal que proporcionen en dichos medios.<\/p><p><strong>TRANSFERENCIA DE DATOS PERSONALES.<\/strong><\/p><p>\u00abGOLDEN LION CASINO\u00bb podr\u00e1 revelar, divulgar y\/o transferir dentro y fuera del pa\u00eds los \u00abDatos Personales\u00bb proporcionados por lo \u00abUsuarios\u00bb a un tercero, incluyendo sin limitar, a sus empresas, filiales, subsidiarias, y\/o relacionadas, as\u00ed como a proveedores, patrocinadores, publicistas, contratistas y\/o socios comerciales para informar de promociones de temporada, invitaciones a eventos, aniversarios, reinaguraciones y\/o cualquier otro beneficio que puedan obtener, los terceros que reciban la informaci\u00f3n relacionada con los \u00abDatos Personales\u00bb de los \u00abUsuarios\u00bb est\u00e1n obligados a cumplir con lo previsto en este Aviso de Privacidad, as\u00ed como en los T\u00e9rminos y Condiciones del \u00abSitio Web\u00bb y de la legislaci\u00f3n aplicable en M\u00e9xico.<\/p><p>El titular de los \u00abDatos Personales\u00bb proporcionados en el establecimiento y\/o a trav\u00e9s del \u00abSitio Web\u00bb y\/o \u00abOtros Medios\u00bb, acepta su transferencia en los t\u00e9rminos descritos en el presente Aviso de Privacidad.<\/p><p><strong>MEDIOS PARA EJERCER LOS DERECHOS DE LOS TITULARES DE DATOS PERSONALES Y REVOCACI\u00d3N DEL CONSENTIMIENTO.<\/strong><\/p><p>Los \u00abUsuarios\u00bb podr\u00e1n solicitar el ejercicio de sus derechos a:<\/p><p><strong>\u2022 Accesar a sus \u00abDatos Personales\u00bb;<br \/>\u2022 Rectificar sus \u00abDatos Personales\u00bb cuando sean inexactos o incompletos;<br \/>\u2022 Cancelar sus \u00abDatos Personales\u00bb;<br \/>\u2022 Oponerse por causa l\u00e9gitima al \u00abTratamiento de sus \u00abDatos Personales\u00bb, y\/o<br \/>\u2022 Revocar su consentimiento para el \u00abtratamiento\u00bb de sus \u00abDatos Personales\u00bb en cualquier momento, a fin de que se deje de hacer uso de los mismos.<\/strong><\/p><p>El ejercicio de los derechos de Acceso, Ratificaci\u00f3n, Cancelaci\u00f3n u Oposici\u00f3n de \u00abDatos Personales\u00bb y Revocaci\u00f3n del consentimiento que realicen los \u00abUsuarios\u00bb deber\u00e1 realizarse previa solicitud a \u00abGOLDEN LION CASINO\u00bb y contener al menos lo siguiente:<\/p><p><strong>\u2022 El nombre del titular, domicilio y correo electr\u00f3nico para comunicarle la respuesta a su solicitud;<\/strong><\/p><p><strong>\u2022 Los documentos que acrediten la identidad o, en su caso, la representaci\u00f3n legal del titular;<\/strong><\/p><p><strong>\u2022 La descripci\u00f3n clara y precisa de los \u00abDatos Personales\u00bb respecto de los que se busca ejercer alguno de los derechos antes mencionados (en el caso de rectificaci\u00f3n se deber\u00e1 indicar las modificaciones a realizar y aportar la documentaci\u00f3n que sustente su petici\u00f3n);<\/strong><\/p><p><strong>\u2022 Cualquier otro elemento o documento que facilite la localizaci\u00f3n de los \u00abDatos Personales\u00bb.<\/strong><\/p><p>Para efecto de lo anterior \u00abGOLDEN LION CASINO\u00bb pone a disposici\u00f3n de los \u00abUsuarios\u00bb el siguiente correo electr\u00f3nico:<\/p><p>hluna@goldenlionjalisco.com<\/p><p>\u00abGOLDEN LION CASINO\u00bb dar\u00e1 respuesta a la solicitud de los \u00abUsuarios\u00bb en un plazo no mayor a 15 d\u00edas h\u00e1biles contados a partir de la fecha en que reciba la petici\u00f3n correspondiente, a trav\u00e9s del correo electr\u00f3nico que haya sido proporcionado para tal efecto.<\/p><p>El ejercicio por parte de los \u00abUsuarios\u00bb de los derechos antes mencionados deber\u00e1 sujetarse a las leyes y reglamentos aplicables vigentes en M\u00e9xico.<\/p><p><strong>COOKIES Y WEB BEACONS.<\/strong><\/p><p>Con el objeto de mejorar la experiencia de sus \u00abUsuarios en el \u00abSitio Web\u00bb, \u00abGOLDEN LION CASINO\u00bb podr\u00e1 utilizar \u00abcookies\u00bb. Para efectos del presente Aviso de Privacidad \u00abcookies\u00bb se identificar\u00e1 como los archivos de texto de informaci\u00f3n que un sitio web transfiere al disco duro de la computadora de los \u00abUsuarios\u00bb con el objeto de almacenar ciertos registros y preferencias. \u00abGOLDEN LION CASINO\u00bb puede utilizar \u00abcookies\u00bb para mejor entendimiento de la intenci\u00f3n de los \u00abUsuarios\u00bb con el \u00abSitio Web\u00bb y los servicios que se proporcionan. El \u00abSitio Web\u00bb puede permitir publicidad o funciones de terceros que env\u00eden \u00abcookies\u00bb a las computadoras de los \u00abUsuarios\u00bb. Mediante el uso de \u00abcookies\u00bb no se identifica personalmente a los \u00abUsuarios\u00bb, \u00fanicamente a sus computadoras.<\/p><p>Por su parte las \u00abweb beacons\u00bb son im\u00e1genes insertadas en una p\u00e1gina de internet o correo electr\u00f3nico que pueden ser utilizadas para monitorear el comportamiento de un visitante, como almacenar informaci\u00f3n sobre la direcci\u00f3n IP del usuario, duraci\u00f3n del tiempo de interacci\u00f3n en el \u00abSitio Web\u00bb y el tipo de navegador utilizado, entre otros.<\/p><p>Los \u00abUsuarios\u00bb podr\u00e1n cambiar sus opciones a trav\u00e9s de sus equipos de c\u00f3mputo y\/o navegador para dejar de aceptar \u00abcookies\u00bb y\/o \u00abweb beacons\u00bb o bien confirmar si aceptan o no las mismas.<\/p><p><strong>DATOS PERSONALES SENSIBLES.<\/strong><\/p><p>De conformidad con la legislaci\u00f3n mexicana vigente, se conocen como \u00abDatos Personales Sensibles\u00bb a \u00abaquellos que puedan revelar aspectos como origen racial o \u00e9tnico, estado de salud presente y futuro, informaci\u00f3n gen\u00e9tica, creencias religiosas, filos\u00f3ficas y\/o morales, afiliaci\u00f3n sindical, opiniones pol\u00edticas, preferencia sexual\u00bb.<\/p><p>En caso de que \u00abGOLDEN LION CASINO\u00bb llegue a requerir \u00abDatos Personales Sensibles\u00bb de los Usuarios\u00bb, estos deber\u00e1n proporcionar su consentimiento expreso.<\/p><p><strong>CAMBIOS AL AVISO DE PRIVACIDAD.<\/strong><\/p><p>\u00abGOLDEN LION CASINO\u00bb se reserva el derecho de modificar en cualquier momento el contenido del presente Aviso de Privacidad. Cualquier cambio en el Aviso de Privacidad le ser\u00e1 informado a sus \u00abUsuarios\u00bb a trav\u00e9s del \u00abSitio Web\u00bb.<\/p><p>Una vez se publique el Aviso de Privacidad en el \u00abSitio Web\u00bb, \u00abOtros Medios\u00bb y en el establecimiento, entrar\u00e1 en vigor autom\u00e1ticamente.<\/p><\/div><div><div role=\"complementary\"><aside><div><nav aria-label=\"Meses anteriores y posteriores\">\u00a0\u00a0\u00a0\u00a0\u00a0<\/nav><\/div><\/aside><\/div><\/div><\/section><footer role=\"contentinfo\"><div><div><div><div><aside><div>\u00a0<\/div><\/aside><\/div><\/div><\/div><\/div><\/footer>\t\t\t\t\t\t<\/div>\n\t\t\t\t<\/div>\n\t\t\t\t\t<\/div>\n\t\t\t\t<\/div>\n\t\t\t\t\t\t\t<\/div>\n\t\t","protected":false},"excerpt":{"rendered":"<p>RESPONSABLE DE LOS DATOS PERSONALES. Palace Gaming Group S.A. DE C.V. (en adelante \u00ab\u00bbGOLDEN LION CASINO\u00bb\u00bb) con domicilio en calle Roberto Medell\u00edn No. 27, entre Jacarandas y 1\u00ba de Mayo, Colonia Centro, Ciudad Guzm\u00e1n, Jalisco. C.P. 49000., tiene la convicci\u00f3n de proteger la informaci\u00f3n personal proporcionada por sus usuarios (en adelante \u00abDatos Personales\u00bb) y es [&hellip;]<\/p>\n","protected":false},"author":1,"featured_media":0,"parent":0,"menu_order":0,"comment_status":"closed","ping_status":"closed","template":"","meta":{"footnotes":""},"_links":{"self":[{"href":"https:\/\/goldenlionjalisco.com\/wordpress\/wp-json\/wp\/v2\/pages\/1177"}],"collection":[{"href":"https:\/\/goldenlionjalisco.com\/wordpress\/wp-json\/wp\/v2\/pages"}],"about":[{"href":"https:\/\/goldenlionjalisco.com\/wordpress\/wp-json\/wp\/v2\/types\/page"}],"author":[{"embeddable":true,"href":"https:\/\/goldenlionjalisco.com\/wordpress\/wp-json\/wp\/v2\/users\/1"}],"replies":[{"embeddable":true,"href":"https:\/\/goldenlionjalisco.com\/wordpress\/wp-json\/wp\/v2\/comments?post=1177"}],"version-history":[{"count":4,"href":"https:\/\/goldenlionjalisco.com\/wordpress\/wp-json\/wp\/v2\/pages\/1177\/revisions"}],"predecessor-version":[{"id":1181,"href":"https:\/\/goldenlionjalisco.com\/wordpress\/wp-json\/wp\/v2\/pages\/1177\/revisions\/1181"}],"wp:attachment":[{"href":"https:\/\/goldenlionjalisco.com\/wordpress\/wp-json\/wp\/v2\/media?parent=1177"}],"curies":[{"name":"wp","href":"https:\/\/api.w.org\/{rel}","templated":true}]}}